{"id":343,"date":"2022-09-24T19:40:32","date_gmt":"2022-09-24T19:40:32","guid":{"rendered":"https:\/\/kerstin-auf-reisen.ch\/?page_id=343"},"modified":"2022-10-12T17:16:50","modified_gmt":"2022-10-12T17:16:50","slug":"ueber-den-blog","status":"publish","type":"page","link":"https:\/\/kerstin-auf-reisen.ch\/?page_id=343","title":{"rendered":"Danke"},"content":{"rendered":"\n<p>Das bin <strong>ich<\/strong>.<\/p>\n\n\n\n<p>Ich schreibe die Texte zu meinen Reisen, aber ohne meine fleissigen Helfern im Hintergrund w\u00fcrde der Blog nicht funktionieren. Daher m\u00f6chte ich mich an dieser Stelle bedanken und meine &#8222;Heinzelm\u00e4nnchen&#8220; vorstellen.<\/p>\n\n\n\n<figure class=\"wp-block-image size-large is-resized\"><img loading=\"lazy\" decoding=\"async\" src=\"https:\/\/kerstin-auf-reisen.ch\/wp-content\/uploads\/2022\/09\/IMG_0899-727x1024.jpeg\" alt=\"\" class=\"wp-image-363\" width=\"129\" height=\"181\" srcset=\"https:\/\/kerstin-auf-reisen.ch\/wp-content\/uploads\/2022\/09\/IMG_0899-727x1024.jpeg 727w, https:\/\/kerstin-auf-reisen.ch\/wp-content\/uploads\/2022\/09\/IMG_0899-213x300.jpeg 213w, https:\/\/kerstin-auf-reisen.ch\/wp-content\/uploads\/2022\/09\/IMG_0899-768x1082.jpeg 768w, https:\/\/kerstin-auf-reisen.ch\/wp-content\/uploads\/2022\/09\/IMG_0899.jpeg 790w\" sizes=\"auto, (max-width: 129px) 100vw, 129px\" \/><\/figure>\n\n\n\n<p><\/p>\n\n\n\n<p><strong>Christian<\/strong> &#8211; zust\u00e4ndig f\u00fcr die ganze IT, st\u00e4ndigen Support wenn ich nicht weiter weiss, k\u00fcnstlerische und kreative Gestaltung. <a href=\"https:\/\/gizmo.swiss\/\">https:\/\/gizmo.swiss<\/a><\/p>\n\n\n\n<figure class=\"wp-block-image size-large is-resized\"><img decoding=\"async\" src=\"https:\/\/kerstin-auf-reisen.ch\/wp-content\/uploads\/2022\/10\/Portrait-Front_Christian-Stadelmann_2019-01-09-edited-1.jpg\" alt=\"\" class=\"wp-image-430\" width=\"150\" srcset=\"https:\/\/kerstin-auf-reisen.ch\/wp-content\/uploads\/2022\/10\/Portrait-Front_Christian-Stadelmann_2019-01-09-edited-1.jpg 2392w, https:\/\/kerstin-auf-reisen.ch\/wp-content\/uploads\/2022\/10\/Portrait-Front_Christian-Stadelmann_2019-01-09-edited-1-300x300.jpg 300w, https:\/\/kerstin-auf-reisen.ch\/wp-content\/uploads\/2022\/10\/Portrait-Front_Christian-Stadelmann_2019-01-09-edited-1-1024x1022.jpg 1024w, https:\/\/kerstin-auf-reisen.ch\/wp-content\/uploads\/2022\/10\/Portrait-Front_Christian-Stadelmann_2019-01-09-edited-1-150x150.jpg 150w, https:\/\/kerstin-auf-reisen.ch\/wp-content\/uploads\/2022\/10\/Portrait-Front_Christian-Stadelmann_2019-01-09-edited-1-768x766.jpg 768w, https:\/\/kerstin-auf-reisen.ch\/wp-content\/uploads\/2022\/10\/Portrait-Front_Christian-Stadelmann_2019-01-09-edited-1-1536x1533.jpg 1536w, https:\/\/kerstin-auf-reisen.ch\/wp-content\/uploads\/2022\/10\/Portrait-Front_Christian-Stadelmann_2019-01-09-edited-1-2048x2044.jpg 2048w\" sizes=\"(max-width: 2392px) 100vw, 2392px\" \/><\/figure>\n\n\n\n<p><\/p>\n\n\n\n<p><strong>Virgil<\/strong> &#8211; ohne ihn w\u00e4ren die norwegischen \u00dcbersetzungen nur halb so gut. Ich lerne zwar norwegisch, aber das ich meine Seiten selber \u00fcbersetzen k\u00f6nnte, daf\u00fcr reicht es noch lange nicht. Daher bin ich sehr dankbar, dass Virgil wieder Ordnung in die \u00dcbersetzungen von mir und &#8222;Mr. Google Translator&#8220; bringt und so sie man auch in Norwegen versteht.&#x1f60a;<\/p>\n\n\n\n<figure class=\"wp-block-image size-large is-resized\"><img loading=\"lazy\" decoding=\"async\" src=\"https:\/\/kerstin-auf-reisen.ch\/wp-content\/uploads\/2022\/09\/Virgil1-768x1024.jpg\" alt=\"\" class=\"wp-image-371\" width=\"152\" height=\"202\" srcset=\"https:\/\/kerstin-auf-reisen.ch\/wp-content\/uploads\/2022\/09\/Virgil1-768x1024.jpg 768w, https:\/\/kerstin-auf-reisen.ch\/wp-content\/uploads\/2022\/09\/Virgil1-225x300.jpg 225w, https:\/\/kerstin-auf-reisen.ch\/wp-content\/uploads\/2022\/09\/Virgil1-1152x1536.jpg 1152w, https:\/\/kerstin-auf-reisen.ch\/wp-content\/uploads\/2022\/09\/Virgil1.jpg 1536w\" sizes=\"auto, (max-width: 152px) 100vw, 152px\" \/><\/figure>\n\n\n\n<p><\/p>\n\n\n\n<p><strong>&#8222;Mr.deepl-Translator&#8220;<\/strong> &#8211; nebst meine eigene englischen \u00dcbersetzung nutze ich auch deepl Translator. Er ist ziemlich gut f\u00fcr deutsch &#8211; englische \u00dcbersetzungen. <\/p>\n\n\n\n<p><a href=\"https:\/\/www.deepl.com\/translator\">https:\/\/www.deepl.com\/translator<\/a><\/p>\n","protected":false},"excerpt":{"rendered":"<p>Das bin ich. Ich schreibe die Texte zu meinen Reisen, aber ohne meine fleissigen Helfern im Hintergrund w\u00fcrde der Blog nicht funktionieren. Daher m\u00f6chte ich mich an dieser Stelle bedanken und meine &#8222;Heinzelm\u00e4nnchen&#8220; vorstellen. Christian &#8211; zust\u00e4ndig f\u00fcr die ganze IT, st\u00e4ndigen Support wenn ich nicht weiter weiss, k\u00fcnstlerische und kreative Gestaltung. https:\/\/gizmo.swiss Virgil &#8211; &#8230; <a title=\"Danke\" class=\"read-more\" href=\"https:\/\/kerstin-auf-reisen.ch\/?page_id=343\" aria-label=\"Mehr dazu unter Danke\">Weiterlesen<\/a><\/p>\n","protected":false},"author":1,"featured_media":0,"parent":0,"menu_order":0,"comment_status":"closed","ping_status":"closed","template":"","meta":{"footnotes":""},"class_list":["post-343","page","type-page","status-publish"],"_links":{"self":[{"href":"https:\/\/kerstin-auf-reisen.ch\/index.php?rest_route=\/wp\/v2\/pages\/343","targetHints":{"allow":["GET"]}}],"collection":[{"href":"https:\/\/kerstin-auf-reisen.ch\/index.php?rest_route=\/wp\/v2\/pages"}],"about":[{"href":"https:\/\/kerstin-auf-reisen.ch\/index.php?rest_route=\/wp\/v2\/types\/page"}],"author":[{"embeddable":true,"href":"https:\/\/kerstin-auf-reisen.ch\/index.php?rest_route=\/wp\/v2\/users\/1"}],"replies":[{"embeddable":true,"href":"https:\/\/kerstin-auf-reisen.ch\/index.php?rest_route=%2Fwp%2Fv2%2Fcomments&post=343"}],"version-history":[{"count":12,"href":"https:\/\/kerstin-auf-reisen.ch\/index.php?rest_route=\/wp\/v2\/pages\/343\/revisions"}],"predecessor-version":[{"id":431,"href":"https:\/\/kerstin-auf-reisen.ch\/index.php?rest_route=\/wp\/v2\/pages\/343\/revisions\/431"}],"wp:attachment":[{"href":"https:\/\/kerstin-auf-reisen.ch\/index.php?rest_route=%2Fwp%2Fv2%2Fmedia&parent=343"}],"curies":[{"name":"wp","href":"https:\/\/api.w.org\/{rel}","templated":true}]}}