{"id":354,"date":"2022-10-06T17:39:31","date_gmt":"2022-10-06T17:39:31","guid":{"rendered":"https:\/\/kerstin-auf-reisen.ch\/?page_id=354"},"modified":"2022-10-12T17:20:32","modified_gmt":"2022-10-12T17:20:32","slug":"tusen-takk","status":"publish","type":"page","link":"https:\/\/kerstin-auf-reisen.ch\/?page_id=354&lang=nb","title":{"rendered":"Tusen Takk"},"content":{"rendered":"\n<p>Det er <strong>jeg.<\/strong><\/p>\n\n\n\n<p>Jeg skriver tekstene til mine reiser, men uten mine hardtarbeidende hjelpere i bakgrunnen ville ikke bloggen fungert. Derfor vil jeg benytte anledningen til \u00e5 takke deg og presentere mine hardtarbeidende hjelpere.<\/p>\n\n\n\n<figure class=\"wp-block-image size-large is-resized\"><img loading=\"lazy\" decoding=\"async\" src=\"https:\/\/kerstin-auf-reisen.ch\/wp-content\/uploads\/2022\/09\/IMG_0899-727x1024.jpeg\" alt=\"\" class=\"wp-image-363\" width=\"129\" height=\"181\" srcset=\"https:\/\/kerstin-auf-reisen.ch\/wp-content\/uploads\/2022\/09\/IMG_0899-727x1024.jpeg 727w, https:\/\/kerstin-auf-reisen.ch\/wp-content\/uploads\/2022\/09\/IMG_0899-213x300.jpeg 213w, https:\/\/kerstin-auf-reisen.ch\/wp-content\/uploads\/2022\/09\/IMG_0899-768x1082.jpeg 768w, https:\/\/kerstin-auf-reisen.ch\/wp-content\/uploads\/2022\/09\/IMG_0899.jpeg 790w\" sizes=\"auto, (max-width: 129px) 100vw, 129px\" \/><\/figure>\n\n\n\n<p><\/p>\n\n\n\n<p><strong>Christian<\/strong> &#8211; ansvarlig for hele IT, konstant support n\u00e5r jeg ikke vet hva jeg skal gj\u00f8re, kunstnerisk og kreativ design. <a href=\"https:\/\/gizmo.swiss\/\">https:\/\/gizmo.swiss<\/a><\/p>\n\n\n\n<figure class=\"wp-block-image size-large is-resized\"><img decoding=\"async\" src=\"https:\/\/kerstin-auf-reisen.ch\/wp-content\/uploads\/2022\/10\/Portrait-Front_Christian-Stadelmann_2019-01-09-2-edited.jpg\" alt=\"\" class=\"wp-image-438\" width=\"127\" srcset=\"https:\/\/kerstin-auf-reisen.ch\/wp-content\/uploads\/2022\/10\/Portrait-Front_Christian-Stadelmann_2019-01-09-2-edited.jpg 2170w, https:\/\/kerstin-auf-reisen.ch\/wp-content\/uploads\/2022\/10\/Portrait-Front_Christian-Stadelmann_2019-01-09-2-edited-300x300.jpg 300w, https:\/\/kerstin-auf-reisen.ch\/wp-content\/uploads\/2022\/10\/Portrait-Front_Christian-Stadelmann_2019-01-09-2-edited-1024x1024.jpg 1024w, https:\/\/kerstin-auf-reisen.ch\/wp-content\/uploads\/2022\/10\/Portrait-Front_Christian-Stadelmann_2019-01-09-2-edited-150x150.jpg 150w, https:\/\/kerstin-auf-reisen.ch\/wp-content\/uploads\/2022\/10\/Portrait-Front_Christian-Stadelmann_2019-01-09-2-edited-768x767.jpg 768w, https:\/\/kerstin-auf-reisen.ch\/wp-content\/uploads\/2022\/10\/Portrait-Front_Christian-Stadelmann_2019-01-09-2-edited-1536x1536.jpg 1536w, https:\/\/kerstin-auf-reisen.ch\/wp-content\/uploads\/2022\/10\/Portrait-Front_Christian-Stadelmann_2019-01-09-2-edited-2048x2046.jpg 2048w\" sizes=\"(max-width: 2170px) 100vw, 2170px\" \/><\/figure>\n\n\n\n<p><\/p>\n\n\n\n<p><strong>Virgil<\/strong> \u2013 uten ham ville de norske oversettelsene bare v\u00e6rt halvparten s\u00e5 gode. Jeg l\u00e6rer norsk, men det er ikke nok \u00e5 kunne oversette mine egne sider. S\u00e5 jeg er veldig takknemlig for at Virgil bringer orden p\u00e5 oversettelsene av meg og \u00abMr. Google Translator\u00bb slik at de ogs\u00e5 kan forst\u00e5s i Norge.&#x1f60a;<\/p>\n\n\n\n<figure class=\"wp-block-image size-large is-resized\"><img loading=\"lazy\" decoding=\"async\" src=\"https:\/\/kerstin-auf-reisen.ch\/wp-content\/uploads\/2022\/09\/Virgil1-768x1024.jpg\" alt=\"\" class=\"wp-image-371\" width=\"152\" height=\"202\" srcset=\"https:\/\/kerstin-auf-reisen.ch\/wp-content\/uploads\/2022\/09\/Virgil1-768x1024.jpg 768w, https:\/\/kerstin-auf-reisen.ch\/wp-content\/uploads\/2022\/09\/Virgil1-225x300.jpg 225w, https:\/\/kerstin-auf-reisen.ch\/wp-content\/uploads\/2022\/09\/Virgil1-1152x1536.jpg 1152w, https:\/\/kerstin-auf-reisen.ch\/wp-content\/uploads\/2022\/09\/Virgil1.jpg 1536w\" sizes=\"auto, (max-width: 152px) 100vw, 152px\" \/><\/figure>\n\n\n\n<p><\/p>\n\n\n\n<p><strong>&#8222;Mr.deepl-Translator&#8220;<\/strong> &#8211; i tillegg til min egen engelske oversettelse, bruker jeg ogs\u00e5 deepl Translator. Han er ganske god p\u00e5 tysk-engelsk oversettelser.<\/p>\n\n\n\n<p><a href=\"https:\/\/www.deepl.com\/translator\">https:\/\/www.deepl.com\/translator<\/a><\/p>\n","protected":false},"excerpt":{"rendered":"<p>Det er jeg. Jeg skriver tekstene til mine reiser, men uten mine hardtarbeidende hjelpere i bakgrunnen ville ikke bloggen fungert. Derfor vil jeg benytte anledningen til \u00e5 takke deg og presentere mine hardtarbeidende hjelpere. Christian &#8211; ansvarlig for hele IT, konstant support n\u00e5r jeg ikke vet hva jeg skal gj\u00f8re, kunstnerisk og kreativ design. https:\/\/gizmo.swiss &#8230; <a title=\"Tusen Takk\" class=\"read-more\" href=\"https:\/\/kerstin-auf-reisen.ch\/?page_id=354&#038;lang=nb\" aria-label=\"Mehr dazu unter Tusen Takk\">Weiterlesen<\/a><\/p>\n","protected":false},"author":1,"featured_media":0,"parent":0,"menu_order":0,"comment_status":"closed","ping_status":"closed","template":"","meta":{"footnotes":""},"class_list":["post-354","page","type-page","status-publish"],"_links":{"self":[{"href":"https:\/\/kerstin-auf-reisen.ch\/index.php?rest_route=\/wp\/v2\/pages\/354","targetHints":{"allow":["GET"]}}],"collection":[{"href":"https:\/\/kerstin-auf-reisen.ch\/index.php?rest_route=\/wp\/v2\/pages"}],"about":[{"href":"https:\/\/kerstin-auf-reisen.ch\/index.php?rest_route=\/wp\/v2\/types\/page"}],"author":[{"embeddable":true,"href":"https:\/\/kerstin-auf-reisen.ch\/index.php?rest_route=\/wp\/v2\/users\/1"}],"replies":[{"embeddable":true,"href":"https:\/\/kerstin-auf-reisen.ch\/index.php?rest_route=%2Fwp%2Fv2%2Fcomments&post=354"}],"version-history":[{"count":3,"href":"https:\/\/kerstin-auf-reisen.ch\/index.php?rest_route=\/wp\/v2\/pages\/354\/revisions"}],"predecessor-version":[{"id":439,"href":"https:\/\/kerstin-auf-reisen.ch\/index.php?rest_route=\/wp\/v2\/pages\/354\/revisions\/439"}],"wp:attachment":[{"href":"https:\/\/kerstin-auf-reisen.ch\/index.php?rest_route=%2Fwp%2Fv2%2Fmedia&parent=354"}],"curies":[{"name":"wp","href":"https:\/\/api.w.org\/{rel}","templated":true}]}}