{"id":46,"date":"2022-08-21T16:02:50","date_gmt":"2022-08-21T16:02:50","guid":{"rendered":"https:\/\/kerstin-auf-reisen.ch\/?page_id=46"},"modified":"2022-11-15T13:40:00","modified_gmt":"2022-11-15T13:40:00","slug":"om-meg","status":"publish","type":"page","link":"https:\/\/kerstin-auf-reisen.ch\/?page_id=46&lang=nb","title":{"rendered":"om meg"},"content":{"rendered":"\n<p>Christian hadde ideen til denne bloggen. Han hadde sett bildene mine inkludert kommentarer p\u00e5 Instagram.<\/p>\n\n\n\n<p>&#8222;Du burde faktisk starte en blogg,&#8220; sa han<\/p>\n\n\n\n<p>&#8222;Hvorfor det?&#8220;<\/p>\n\n\n\n<p>&#8222;Kommentarene dine er gode, og du kan skrive mer i en blogg.&#8220;<\/p>\n\n\n\n<p>&#8222;Hmm. Hvordan fungerer noe s\u00e5nt?&#8220;<\/p>\n\n\n\n<p>I min generasjon ble alt&nbsp; skrevet ned for h\u00e5nd, p\u00e5 papir og ikke p\u00e5 nett. Dessverre ble reisedagb\u00f8kene mine \u00f8delagt av en flom.<\/p>\n\n\n\n<p>&#8220; ja Hvorfor ikke. Hvis du hjelper meg.&#8220;<\/p>\n\n\n\n<p>&#8222;Det er klart.&#8220;<\/p>\n\n\n\n<p>Som Sagt og gjort. Fra den dagen begynte jeg \u00e5 utarbeide tekster, lete etter bilder som jeg senere \u00f8nsket \u00e5 implementere med Christians hjelp. Tekstene er ikke revidert av en redakt\u00f8r, men blir fortalt slik jeg forteller dem n\u00e5r noen sp\u00f8r meg. &#x1f60a;<\/p>\n\n\n\n<p>Hodet mitt var fullt av ideer og n\u00e5 var det p\u00e5 tide \u00e5 sortere alt.<\/p>\n\n\n\n<p>Jeg liker \u00e5 reise i livet mitt. Jeg er vel f\u00f8dt med det. Moren min var allerede p\u00e5 reise med meg og bestemoren min da jeg ikke engang kunne g\u00e5 ordentlig.<\/p>\n\n\n\n<p>Hun benyttet anledningen til at i DDR, hvor jeg vokste opp, ble alenem\u00f8dre foretrukket n\u00e5r det gjaldt reise. N\u00e5 kan noen si&nbsp; at dette ikke var tilfelle, men i mitt tilfelle var det sant. S\u00e5 jeg tilbrakte hver ferie et sted i et sosialistisk land, fordi man ikke fikk reise noe annet sted. Jeg likte det veldig godt. Jada, jeg kan ikke huske noen av turene jeg gjorde som sm\u00e5barn, men jeg ser alltid glad ut og ler mye i lysbildene og de gamle bildene mamma tok.<\/p>\n\n\n\n<p>Da jeg gikk p\u00e5 skolen, gjorde mamma fortsatt alt for at vi skulle p\u00e5 ferie sammen. Vi var aldri hjemme i ferien. N\u00e5 reiste vi ogs\u00e5 til DDR sammen. At mamma alltid fikk plass p\u00e5 ferie skyldtes kanskje ogs\u00e5 at hun tok det som var ledig. Uansett hvor vi gikk og hvor ofte vi hadde v\u00e6rt der, var det alltid noe nytt \u00e5 oppdage.<\/p>\n\n\n\n<p>Senere, da jeg var skolebarn, hadde jeg flere ferier enn min mor. Men min mor fant alltid en l\u00f8sning. Hver bedrift hadde sommerleirer for sine ansattes barn. S\u00e5, i tillegg til ferien sammen, dro jeg ogs\u00e5 p\u00e5 ferieleiren. Heller ikke her var jeg kravstor, men kj\u00f8rte til det som var tilgjengelig, for det var noe nytt \u00e5 oppdage og bli kjent med andre barn.<\/p>\n\n\n\n<p>iden for sommerleir gikk ogs\u00e5 mot slutten, men s\u00e5 var det ungdomsturisme. Jugendtourist var reisebyr\u00e5et til FDJ. For \u00e5 kunne reise med en ungdomsturist m\u00e5tte du v\u00e6re minst 14 \u00e5r og medlem av ungdomsorganisasjonen FDJ. Medlemskontingenten var sv\u00e6rt liten og turene var veldig billige.<\/p>\n\n\n\n<p>Man kunne bare reise til sosialistiske land med en ungdomsturist. De var alltid guidede gruppeturer med et forh\u00e5ndsbestemt program. De var tilgjengelig fra en bestemt dag p\u00e5 ungdomsturistkontoret. P\u00e5 en slik dag m\u00e5tte man st\u00e5 i k\u00f8 minst 3 timer f\u00f8r \u00e5pningstid for at man i det hele tatt skulle f\u00e5 plass og med litt flaks kunne man s\u00e5 velge hvor man ville. Mange ville kun reise som par, tre osv. og ikke to ganger til samme destinasjon.<\/p>\n\n\n\n<p>Igjen, jeg var ikke kresen med tanke p\u00e5 reisem\u00e5let, uansett hvor og hvor ofte. Jeg reiste alltid alene. Siden det var en fellestur, ble jeg kjent med mange unge uansett. S\u00e5 alt var ok. Siden jeg reiste et nytt&nbsp; sted hver ferie, begynte sjefen for reisebyr\u00e5et \u00e5 kjenne meg. Hvis han ikke kunne kvitte seg med et eneste sted, uansett hvor, ga han meg beskjed og slik kunne jeg reise p\u00e5 ferie hver gang.<\/p>\n\n\n\n<p>Min mor st\u00f8tter meg. \u00abReis bare mens du fortsatt kan reise s\u00e5 billig og se verden.\u00bb Denne setningen har levd med meg den dag i dag, og jeg er veldig takknemlig overfor min mor for \u00e5 ha gjort det mulig for meg \u00e5 reise.<\/p>\n\n\n\n<p>I DDR-tiden dr\u00f8mte jeg om \u00e5 reise til Kina og Norge. Dessverre var dette ikke mulig i DDR-tiden. S\u00e5 jeg reiste opp og ned hele \u00f8stblokken, frem og tilbake, flere ganger.<\/p>\n\n\n\n<p>Jeg skal publisere noen morsomme anekdoter her litt senere. Jeg kom meg ogs\u00e5 til Kina, jeg inkluderer det senere. Rapporten fra min f\u00f8rste tur til Norge med hurtigruteskipet \u00abKONG HARALD\u00bb i oktober 2021 kommer ogs\u00e5 .<\/p>\n\n\n\n<p>F\u00f8rst starter jeg med min tur i juli 2022 til Norge. Dette er ogs\u00e5 grunnen til at denne bloggen i det hele tatt eksisterer.<\/p>\n","protected":false},"excerpt":{"rendered":"<p>Christian hadde ideen til denne bloggen. Han hadde sett bildene mine inkludert kommentarer p\u00e5 Instagram. &#8222;Du burde faktisk starte en blogg,&#8220; sa han &#8222;Hvorfor det?&#8220; &#8222;Kommentarene dine er gode, og du kan skrive mer i en blogg.&#8220; &#8222;Hmm. Hvordan fungerer noe s\u00e5nt?&#8220; I min generasjon ble alt&nbsp; skrevet ned for h\u00e5nd, p\u00e5 papir og ikke &#8230; <a title=\"om meg\" class=\"read-more\" href=\"https:\/\/kerstin-auf-reisen.ch\/?page_id=46&#038;lang=nb\" aria-label=\"Mehr dazu unter om meg\">Weiterlesen<\/a><\/p>\n","protected":false},"author":2,"featured_media":0,"parent":0,"menu_order":0,"comment_status":"closed","ping_status":"closed","template":"","meta":{"footnotes":""},"class_list":["post-46","page","type-page","status-publish"],"_links":{"self":[{"href":"https:\/\/kerstin-auf-reisen.ch\/index.php?rest_route=\/wp\/v2\/pages\/46","targetHints":{"allow":["GET"]}}],"collection":[{"href":"https:\/\/kerstin-auf-reisen.ch\/index.php?rest_route=\/wp\/v2\/pages"}],"about":[{"href":"https:\/\/kerstin-auf-reisen.ch\/index.php?rest_route=\/wp\/v2\/types\/page"}],"author":[{"embeddable":true,"href":"https:\/\/kerstin-auf-reisen.ch\/index.php?rest_route=\/wp\/v2\/users\/2"}],"replies":[{"embeddable":true,"href":"https:\/\/kerstin-auf-reisen.ch\/index.php?rest_route=%2Fwp%2Fv2%2Fcomments&post=46"}],"version-history":[{"count":5,"href":"https:\/\/kerstin-auf-reisen.ch\/index.php?rest_route=\/wp\/v2\/pages\/46\/revisions"}],"predecessor-version":[{"id":521,"href":"https:\/\/kerstin-auf-reisen.ch\/index.php?rest_route=\/wp\/v2\/pages\/46\/revisions\/521"}],"wp:attachment":[{"href":"https:\/\/kerstin-auf-reisen.ch\/index.php?rest_route=%2Fwp%2Fv2%2Fmedia&parent=46"}],"curies":[{"name":"wp","href":"https:\/\/api.w.org\/{rel}","templated":true}]}}